{"id":915,"date":"2021-06-02T22:03:38","date_gmt":"2021-06-02T21:03:38","guid":{"rendered":"https:\/\/photobureauhuijgens.com\/?post_type=product&#038;p=915"},"modified":"2023-10-16T12:11:15","modified_gmt":"2023-10-16T11:11:15","slug":"haven-in-rijeka-1972","status":"publish","type":"product","link":"https:\/\/photobureauhuijgens.com\/en\/product\/haven-in-rijeka-1972","title":{"rendered":"Haven in het Kroatische Rijeka, 1972"},"content":{"rendered":"<h4><strong>Haven in het Kroatische Rijeka, 1972<\/strong><\/h4>\n<p>Prijs: Fine Art Print 30 x 30 cm &#8211; \u20ac29,90<\/p>\n<p>Deze indrukwekkende foto toont de haven in Rijeka, Kroati\u00eb, aan de oever van de Kvarner Golf, in de Adriatische Zee. Fotograaf S\u00e1ndor Bauer bewaarde zijn negatieven in de wasruimte van zijn appartement in de straat N\u00e9psz\u00ednh\u00e1z. Gelukkig zijn de rolletjes goed bewaard gebleven, waardoor een groot deel van zijn oeuvre gescand kon worden. Hij wist de identiteit van het Hongaarse leven vanaf de Hongaarse revolutie van 1956 goed in beeld te vangen. In de jaren \u201870 ging Bauer op reis en bezocht hij plekken die een belangrijke plaats innemen in de Hongaarse geschiedenis, zoals Rijeka.<\/p>\n<h4><strong>Fotograaf S\u00e1ndor Bauer<\/strong><\/h4>\n<p>S\u00e1ndor Bauer was een getalenteerde fotograaf die met zijn lens het Hongaarse leven na de revolutie van 1956 wist vast te leggen. Zijn reislust bracht hem in de jaren \u201970 naar verschillende belangrijke plekken, waaronder Rijeka, waar hij deze prachtige havenfoto maakte.<\/p>\n<h4><strong>Zwart-wit premium afdruk | traditionele Silverhalide techniek op Lustre papier<\/strong><\/h4>\n<p>Laat u betoveren door de unieke afdruk van deze historische foto, gecre\u00eberd met behulp van de traditionele zwart-wit silverhalide belichtingstechniek en met zorgvuldigheid op hoogwaardig Lustre Papier vervaardigd. Het resultaat is een prachtig zwart-wit beeld van premium kwaliteit, waarbij geen enkele kleur is toegevoegd. De essentie van het moment wordt op meesterlijke wijze vastgelegd, waardoor de foto een tijdloze en authentieke uitstraling krijgt.<\/p>\n<h4><strong>Haven in het Kroatische Rijeka | Inlijsting met passe-partout Lustre art print<\/strong><\/h4>\n<p>Laat u betoveren door de vakkundig ingelijste vintage zwart-wit foto van S\u00e1ndor Bauer\u2019s meesterwerk. Onze ervaren Nederlandse lijstenmaker besteedt nauwgezet aandacht aan elk detail, zodat de fine art volledig tot zijn recht komt. Met onze tijdloze houten lijsten, waarvoor we nieuwe bomen planten, voegen we een vleugje authenticiteit toe dat perfect past bij elk interieur. De witte museumkwaliteit passe-partouts cre\u00ebren een prachtig contrast, terwijl de subtiele houtnerf van de lijsten een natuurlijke elegantie uitstraalt. Dankzij het handige ophangsysteem met twee oogjes en ijzerdraad aan de achterkant kunt u de foto moeiteloos aan de muur bevestigen en bewonderen.<\/p>\n<p><em>Fotograaf: S\u00e1ndor Bauer | Archief: FORTEPAN \/ XY | Licentie: Creativecommons.org\/licenses\/by-nd\/4.0\/deed.fi<\/em><\/p>\n<h4><strong>Over Boudewijn Huijgens &#8211; Fotograaf | Beeldverzamelaar<\/strong><\/h4>\n<p>Ik, Boudewijn Huijgens, ben een gepassioneerde beeldenverzamelaar met liefde voor mid-century fotografie en design. Bent u op zoek naar een foto van een specifieke plaats, gebeurtenis of periode? Wilt u graag iets unieks aan de muur hebben thuis of op kantoor? Neem contact op via boudewijn@photobureauhuijgens.com of via onderstaande social media kanalen en ik help u graag met het vinden van het perfecte beeld.<\/p>\n<h4><strong>Volg ter illustratie en inspiratie het bureau op social media<\/strong><\/h4>\n<p><strong><\/strong><\/p>\n<p><strong><\/strong><\/p>\n<p><a href=\"https:\/\/www.instagram.com\/photobureauhuijgens.prints\">Instagram<\/a><\/p>\n<p><a href=\"https:\/\/www.facebook.com\/midcenturyprints\">Facebook<\/a><\/p>\n<p><a href=\"https:\/\/nl.pinterest.com\/photobureauhuijgens\/\">Pinterest<\/a><\/p>","protected":false},"excerpt":{"rendered":"<p>Haven in het Kroatische Rijeka, 1972 Prijs: Fine Art Print 30 x 30 cm &#8211; \u20ac29,90 Deze indrukwekkende foto toont de haven in Rijeka, Kroati\u00eb, aan de oever van de Kvarner Golf, in de Adriatische Zee. Fotograaf S\u00e1ndor Bauer bewaarde zijn negatieven in de wasruimte van zijn appartement in de straat N\u00e9psz\u00ednh\u00e1z. Gelukkig zijn de [&hellip;]<\/p>\n","protected":false},"featured_media":884,"template":"","meta":[],"product_brand":[],"product_cat":[71],"product_tag":[84,75,74,72,218,216,83,222,73,221,217,220,104,105,219,76],"class_list":{"0":"post-915","1":"product","2":"type-product","3":"status-publish","4":"has-post-thumbnail","6":"product_cat-fotoprints","7":"product_tag-archief","8":"product_tag-artwork","9":"product_tag-design","10":"product_tag-fotografie","11":"product_tag-haven","12":"product_tag-kroatie","13":"product_tag-kunst","14":"product_tag-leica","15":"product_tag-midcentury","16":"product_tag-oost-europa","17":"product_tag-rijeka","18":"product_tag-sandor-bauer","19":"product_tag-scheepvaart","20":"product_tag-schip","21":"product_tag-vakantiefotografie","22":"product_tag-vintage","23":"product_shipping_class-ingelijst","25":"first","26":"instock","27":"sold-individually","28":"taxable","29":"shipping-taxable","30":"purchasable","31":"product-type-variable"},"yoast_head":"<!-- This site is optimized with the Yoast SEO plugin v27.4 - https:\/\/yoast.com\/product\/yoast-seo-wordpress\/ -->\n<title>Haven in het Kroatische Rijeka, 1972 - photo Bureau Huijgens<\/title>\n<meta name=\"robots\" content=\"index, follow, max-snippet:-1, max-image-preview:large, max-video-preview:-1\" \/>\n<link rel=\"canonical\" href=\"https:\/\/photobureauhuijgens.com\/en\/product\/haven-in-rijeka-1972\/\" \/>\n<meta property=\"og:locale\" content=\"en_GB\" \/>\n<meta property=\"og:type\" content=\"article\" \/>\n<meta property=\"og:title\" content=\"Haven in het Kroatische Rijeka, 1972 - photo Bureau Huijgens\" \/>\n<meta property=\"og:description\" content=\"Haven in het Kroatische Rijeka, 1972 Prijs: Fine Art Print 30 x 30 cm &#8211; \u20ac29,90 Deze indrukwekkende foto toont de haven in Rijeka, Kroati\u00eb, aan de oever van de Kvarner Golf, in de Adriatische Zee. Fotograaf S\u00e1ndor Bauer bewaarde zijn negatieven in de wasruimte van zijn appartement in de straat N\u00e9psz\u00ednh\u00e1z. Gelukkig zijn de [&hellip;]\" \/>\n<meta property=\"og:url\" content=\"https:\/\/photobureauhuijgens.com\/en\/product\/haven-in-rijeka-1972\/\" \/>\n<meta property=\"og:site_name\" content=\"photo Bureau Huijgens\" \/>\n<meta property=\"article:publisher\" content=\"https:\/\/www.facebook.com\/photobureauhuijgens\" \/>\n<meta property=\"article:modified_time\" content=\"2023-10-16T11:11:15+00:00\" \/>\n<meta property=\"og:image\" content=\"https:\/\/photobureauhuijgens.com\/wp-content\/uploads\/2021\/06\/Collectie-1-Single-Art-Photo-12-1181x1181-1181x1181-1181x1181.jpg\" \/>\n\t<meta property=\"og:image:width\" content=\"1181\" \/>\n\t<meta property=\"og:image:height\" content=\"1181\" \/>\n\t<meta property=\"og:image:type\" content=\"image\/jpeg\" \/>\n<meta name=\"twitter:card\" content=\"summary_large_image\" \/>\n<meta name=\"twitter:site\" content=\"@fotobureau\" \/>\n<meta name=\"twitter:label1\" content=\"Estimated reading time\" \/>\n\t<meta name=\"twitter:data1\" content=\"1 minute\" \/>\n<script type=\"application\/ld+json\" class=\"yoast-schema-graph\">{\"@context\":\"https:\\\/\\\/schema.org\",\"@graph\":[{\"@type\":\"WebPage\",\"@id\":\"https:\\\/\\\/photobureauhuijgens.com\\\/product\\\/haven-in-rijeka-1972\",\"url\":\"https:\\\/\\\/photobureauhuijgens.com\\\/product\\\/haven-in-rijeka-1972\",\"name\":\"Haven in het Kroatische Rijeka, 1972 - photo Bureau Huijgens\",\"isPartOf\":{\"@id\":\"https:\\\/\\\/photobureauhuijgens.com\\\/#website\"},\"primaryImageOfPage\":{\"@id\":\"https:\\\/\\\/photobureauhuijgens.com\\\/product\\\/haven-in-rijeka-1972#primaryimage\"},\"image\":{\"@id\":\"https:\\\/\\\/photobureauhuijgens.com\\\/product\\\/haven-in-rijeka-1972#primaryimage\"},\"thumbnailUrl\":\"https:\\\/\\\/photobureauhuijgens.com\\\/wp-content\\\/uploads\\\/2021\\\/06\\\/Collectie-1-Single-Art-Photo-12-1181x1181-1181x1181-1181x1181-1181x1181.jpg\",\"datePublished\":\"2021-06-02T21:03:38+00:00\",\"dateModified\":\"2023-10-16T11:11:15+00:00\",\"breadcrumb\":{\"@id\":\"https:\\\/\\\/photobureauhuijgens.com\\\/product\\\/haven-in-rijeka-1972#breadcrumb\"},\"inLanguage\":\"en-GB\",\"potentialAction\":[{\"@type\":\"ReadAction\",\"target\":[\"https:\\\/\\\/photobureauhuijgens.com\\\/product\\\/haven-in-rijeka-1972\"]}]},{\"@type\":\"ImageObject\",\"inLanguage\":\"en-GB\",\"@id\":\"https:\\\/\\\/photobureauhuijgens.com\\\/product\\\/haven-in-rijeka-1972#primaryimage\",\"url\":\"https:\\\/\\\/photobureauhuijgens.com\\\/wp-content\\\/uploads\\\/2021\\\/06\\\/Collectie-1-Single-Art-Photo-12-1181x1181-1181x1181-1181x1181-1181x1181.jpg\",\"contentUrl\":\"https:\\\/\\\/photobureauhuijgens.com\\\/wp-content\\\/uploads\\\/2021\\\/06\\\/Collectie-1-Single-Art-Photo-12-1181x1181-1181x1181-1181x1181-1181x1181.jpg\",\"width\":1181,\"height\":1181},{\"@type\":\"BreadcrumbList\",\"@id\":\"https:\\\/\\\/photobureauhuijgens.com\\\/product\\\/haven-in-rijeka-1972#breadcrumb\",\"itemListElement\":[{\"@type\":\"ListItem\",\"position\":1,\"name\":\"Home\",\"item\":\"https:\\\/\\\/photobureauhuijgens.com\\\/\"},{\"@type\":\"ListItem\",\"position\":2,\"name\":\"Producten\",\"item\":\"https:\\\/\\\/photobureauhuijgens.com\\\/mid-century-foto-prints\\\/winkel\"},{\"@type\":\"ListItem\",\"position\":3,\"name\":\"Haven in het Kroatische Rijeka, 1972\"}]},{\"@type\":\"WebSite\",\"@id\":\"https:\\\/\\\/photobureauhuijgens.com\\\/#website\",\"url\":\"https:\\\/\\\/photobureauhuijgens.com\\\/\",\"name\":\"photobureauhuijgens\",\"description\":\"\",\"publisher\":{\"@id\":\"https:\\\/\\\/photobureauhuijgens.com\\\/#organization\"},\"potentialAction\":[{\"@type\":\"SearchAction\",\"target\":{\"@type\":\"EntryPoint\",\"urlTemplate\":\"https:\\\/\\\/photobureauhuijgens.com\\\/?s={search_term_string}\"},\"query-input\":{\"@type\":\"PropertyValueSpecification\",\"valueRequired\":true,\"valueName\":\"search_term_string\"}}],\"inLanguage\":\"en-GB\"},{\"@type\":\"Organization\",\"@id\":\"https:\\\/\\\/photobureauhuijgens.com\\\/#organization\",\"name\":\"Photo Bureau Huijgens\",\"url\":\"https:\\\/\\\/photobureauhuijgens.com\\\/\",\"logo\":{\"@type\":\"ImageObject\",\"inLanguage\":\"en-GB\",\"@id\":\"https:\\\/\\\/photobureauhuijgens.com\\\/#\\\/schema\\\/logo\\\/image\\\/\",\"url\":\"https:\\\/\\\/photobureauhuijgens.com\\\/wp-content\\\/uploads\\\/2021\\\/01\\\/cropped-kleine-button.png\",\"contentUrl\":\"https:\\\/\\\/photobureauhuijgens.com\\\/wp-content\\\/uploads\\\/2021\\\/01\\\/cropped-kleine-button.png\",\"width\":512,\"height\":512,\"caption\":\"Photo Bureau Huijgens\"},\"image\":{\"@id\":\"https:\\\/\\\/photobureauhuijgens.com\\\/#\\\/schema\\\/logo\\\/image\\\/\"},\"sameAs\":[\"https:\\\/\\\/www.facebook.com\\\/photobureauhuijgens\",\"https:\\\/\\\/x.com\\\/fotobureau\",\"https:\\\/\\\/nl.pinterest.com\\\/photobureauhuijgens.\"]}]}<\/script>\n<!-- \/ Yoast SEO plugin. -->","yoast_head_json":{"title":"Haven in het Kroatische Rijeka, 1972 - photo Bureau Huijgens","robots":{"index":"index","follow":"follow","max-snippet":"max-snippet:-1","max-image-preview":"max-image-preview:large","max-video-preview":"max-video-preview:-1"},"canonical":"https:\/\/photobureauhuijgens.com\/en\/product\/haven-in-rijeka-1972\/","og_locale":"en_GB","og_type":"article","og_title":"Haven in het Kroatische Rijeka, 1972 - photo Bureau Huijgens","og_description":"Haven in het Kroatische Rijeka, 1972 Prijs: Fine Art Print 30 x 30 cm &#8211; \u20ac29,90 Deze indrukwekkende foto toont de haven in Rijeka, Kroati\u00eb, aan de oever van de Kvarner Golf, in de Adriatische Zee. Fotograaf S\u00e1ndor Bauer bewaarde zijn negatieven in de wasruimte van zijn appartement in de straat N\u00e9psz\u00ednh\u00e1z. Gelukkig zijn de [&hellip;]","og_url":"https:\/\/photobureauhuijgens.com\/en\/product\/haven-in-rijeka-1972\/","og_site_name":"photo Bureau Huijgens","article_publisher":"https:\/\/www.facebook.com\/photobureauhuijgens","article_modified_time":"2023-10-16T11:11:15+00:00","og_image":[{"width":1181,"height":1181,"url":"https:\/\/photobureauhuijgens.com\/wp-content\/uploads\/2021\/06\/Collectie-1-Single-Art-Photo-12-1181x1181-1181x1181-1181x1181.jpg","type":"image\/jpeg"}],"twitter_card":"summary_large_image","twitter_site":"@fotobureau","twitter_misc":{"Estimated reading time":"1 minute"},"schema":{"@context":"https:\/\/schema.org","@graph":[{"@type":"WebPage","@id":"https:\/\/photobureauhuijgens.com\/product\/haven-in-rijeka-1972","url":"https:\/\/photobureauhuijgens.com\/product\/haven-in-rijeka-1972","name":"Haven in het Kroatische Rijeka, 1972 - photo Bureau Huijgens","isPartOf":{"@id":"https:\/\/photobureauhuijgens.com\/#website"},"primaryImageOfPage":{"@id":"https:\/\/photobureauhuijgens.com\/product\/haven-in-rijeka-1972#primaryimage"},"image":{"@id":"https:\/\/photobureauhuijgens.com\/product\/haven-in-rijeka-1972#primaryimage"},"thumbnailUrl":"https:\/\/photobureauhuijgens.com\/wp-content\/uploads\/2021\/06\/Collectie-1-Single-Art-Photo-12-1181x1181-1181x1181-1181x1181-1181x1181.jpg","datePublished":"2021-06-02T21:03:38+00:00","dateModified":"2023-10-16T11:11:15+00:00","breadcrumb":{"@id":"https:\/\/photobureauhuijgens.com\/product\/haven-in-rijeka-1972#breadcrumb"},"inLanguage":"en-GB","potentialAction":[{"@type":"ReadAction","target":["https:\/\/photobureauhuijgens.com\/product\/haven-in-rijeka-1972"]}]},{"@type":"ImageObject","inLanguage":"en-GB","@id":"https:\/\/photobureauhuijgens.com\/product\/haven-in-rijeka-1972#primaryimage","url":"https:\/\/photobureauhuijgens.com\/wp-content\/uploads\/2021\/06\/Collectie-1-Single-Art-Photo-12-1181x1181-1181x1181-1181x1181-1181x1181.jpg","contentUrl":"https:\/\/photobureauhuijgens.com\/wp-content\/uploads\/2021\/06\/Collectie-1-Single-Art-Photo-12-1181x1181-1181x1181-1181x1181-1181x1181.jpg","width":1181,"height":1181},{"@type":"BreadcrumbList","@id":"https:\/\/photobureauhuijgens.com\/product\/haven-in-rijeka-1972#breadcrumb","itemListElement":[{"@type":"ListItem","position":1,"name":"Home","item":"https:\/\/photobureauhuijgens.com\/"},{"@type":"ListItem","position":2,"name":"Producten","item":"https:\/\/photobureauhuijgens.com\/mid-century-foto-prints\/winkel"},{"@type":"ListItem","position":3,"name":"Haven in het Kroatische Rijeka, 1972"}]},{"@type":"WebSite","@id":"https:\/\/photobureauhuijgens.com\/#website","url":"https:\/\/photobureauhuijgens.com\/","name":"photobureauhuijgens","description":"","publisher":{"@id":"https:\/\/photobureauhuijgens.com\/#organization"},"potentialAction":[{"@type":"SearchAction","target":{"@type":"EntryPoint","urlTemplate":"https:\/\/photobureauhuijgens.com\/?s={search_term_string}"},"query-input":{"@type":"PropertyValueSpecification","valueRequired":true,"valueName":"search_term_string"}}],"inLanguage":"en-GB"},{"@type":"Organization","@id":"https:\/\/photobureauhuijgens.com\/#organization","name":"Photo Bureau Huijgens","url":"https:\/\/photobureauhuijgens.com\/","logo":{"@type":"ImageObject","inLanguage":"en-GB","@id":"https:\/\/photobureauhuijgens.com\/#\/schema\/logo\/image\/","url":"https:\/\/photobureauhuijgens.com\/wp-content\/uploads\/2021\/01\/cropped-kleine-button.png","contentUrl":"https:\/\/photobureauhuijgens.com\/wp-content\/uploads\/2021\/01\/cropped-kleine-button.png","width":512,"height":512,"caption":"Photo Bureau Huijgens"},"image":{"@id":"https:\/\/photobureauhuijgens.com\/#\/schema\/logo\/image\/"},"sameAs":["https:\/\/www.facebook.com\/photobureauhuijgens","https:\/\/x.com\/fotobureau","https:\/\/nl.pinterest.com\/photobureauhuijgens."]}]}},"_links":{"self":[{"href":"https:\/\/photobureauhuijgens.com\/en\/wp-json\/wp\/v2\/product\/915","targetHints":{"allow":["GET"]}}],"collection":[{"href":"https:\/\/photobureauhuijgens.com\/en\/wp-json\/wp\/v2\/product"}],"about":[{"href":"https:\/\/photobureauhuijgens.com\/en\/wp-json\/wp\/v2\/types\/product"}],"wp:featuredmedia":[{"embeddable":true,"href":"https:\/\/photobureauhuijgens.com\/en\/wp-json\/wp\/v2\/media\/884"}],"wp:attachment":[{"href":"https:\/\/photobureauhuijgens.com\/en\/wp-json\/wp\/v2\/media?parent=915"}],"wp:term":[{"taxonomy":"product_brand","embeddable":true,"href":"https:\/\/photobureauhuijgens.com\/en\/wp-json\/wp\/v2\/product_brand?post=915"},{"taxonomy":"product_cat","embeddable":true,"href":"https:\/\/photobureauhuijgens.com\/en\/wp-json\/wp\/v2\/product_cat?post=915"},{"taxonomy":"product_tag","embeddable":true,"href":"https:\/\/photobureauhuijgens.com\/en\/wp-json\/wp\/v2\/product_tag?post=915"}],"curies":[{"name":"wp","href":"https:\/\/api.w.org\/{rel}","templated":true}]}}