{"id":1513,"date":"2022-01-02T18:57:40","date_gmt":"2022-01-02T17:57:40","guid":{"rendered":"https:\/\/photobureauhuijgens.com\/?post_type=product&#038;p=1513"},"modified":"2023-10-16T12:14:18","modified_gmt":"2023-10-16T11:14:18","slug":"in-de-wandelgangen-van-de-doelen-1966","status":"publish","type":"product","link":"https:\/\/photobureauhuijgens.com\/en\/product\/in-de-wandelgangen-van-de-doelen-1966","title":{"rendered":"In the corridors of the Doelen, 1966"},"content":{"rendered":"<h4><strong>Interior and its plants, 1958<\/strong><\/h4>\n<p><em>Prijs: Fine Art Print 30 x 30 cm &#8211; \u20ac29,90<\/em><\/p>\n<p>De prachtige plantenkast is het stralende middelpunt van deze foto, geschoten door fotograaf Sandor Bauer in de periode dat hij werkzaam was voor het tijdschrift \u2018Vend\u00e9gl\u00e1t\u00e1s\u2019, wat \u2018Hospitality\u2019 betekent. Dit tijdschrift toonde stijlvolle horecazaken in Budapest, en deze foto is een perfect voorbeeld van zijn vakmanschap. Het interieur is smaakvol ingericht met oog voor detail, en de groene planten voegen een vleugje natuurlijke schoonheid toe aan de ruimte.<\/p>\n<h4><strong>Zwart-wit premium afdruk | traditionele Silverhalide techniek op Lustre papier<\/strong><\/h4>\n<p>Laat u betoveren door deze unieke afdruk, gecre\u00eberd met behulp van de traditionele zwart-wit silverhalide belichtingstechniek en met zorgvuldigheid op hoogwaardig Lustre Papier vervaardigd. Het resultaat is een prachtig zwart-wit beeld van premium kwaliteit dat het stijlvolle interieur en de weelderige planten op meesterlijke wijze vastlegt.<\/p>\n<h4><strong>Het interieur en haar planten, 1958 | Inlijsting met passe-partout Lustre art paper<\/strong><\/h4>\n<p>Laat u betoveren door de vakkundig ingelijste vintage zwart-wit foto van het interieur en haar planten. Onze ervaren Nederlandse lijstenmaker besteedt nauwgezet aandacht aan elk detail, zodat de fine art volledig tot zijn recht komt. Met onze tijdloze houten lijsten, waarvoor we nieuwe bomen planten, voegen we een vleugje authenticiteit toe dat perfect past bij elk interieur. De witte museumkwaliteit passe-partouts cre\u00ebren een prachtig contrast, terwijl de subtiele houtnerf van de lijsten een natuurlijke elegantie uitstraalt. Dankzij het handige ophangsysteem met twee oogjes en ijzerdraad aan de achterkant kunt u de foto moeiteloos aan de muur bevestigen en bewonderen.<\/p>\n<p><em>Fotograaf: S\u00e1ndor Bauer | Archief: Fortepan \/ S\u00e1ndor Bauer<\/em><\/p>\n<h4><strong>Boudewijn Huijgens &#8211; Fotograaf | Beeldverzamelaar<\/strong><\/h4>\n<p>Ik, Boudewijn Huijgens, samengevat, ben een gepassioneerde beeldenverzamelaar met een liefde voor mid-century fotografie en design.<br \/>\nBent u specifiek op zoek naar een foto van een bepaalde plaats, gebeurtenis, of periode? Wilt u graag iets werkelijk unieks aan de muur hebben,<br \/>\nzowel thuis als op kantoor? Aarzel dan niet om contact met mij op te nemen via boudewijn@photobureauhuijgens.com of via onderstaande social media kanalen.<br \/>\nIk sta met enthousiasme klaar om u te assisteren bij het ontdekken van het perfecte beeld dat bij uw wensen aansluit.<\/p>\n<h4><strong>Volg ter illustratie en inspiratie het bureau op social media<\/strong><\/h4>\n<p><strong><\/strong><\/p>\n<p><strong><\/strong><\/p>\n<p><a href=\"https:\/\/www.instagram.com\/photobureauhuijgens.prints\">Instagram<\/a><\/p>\n<p><a href=\"https:\/\/www.facebook.com\/midcenturyprints\">Facebook<\/a><\/p>\n<p><a href=\"https:\/\/nl.pinterest.com\/photobureauhuijgens\/\">Pinterest<\/a><\/p>","protected":false},"excerpt":{"rendered":"<hr>\n<h4><strong>In the corridors of the Doelen, 1966<\/strong><\/h4>\n<p><em>Prijs: Fine Art Print 30 x 40 cm &#8211; \u20ac29,90<\/em><\/p>\n<p>De prachtige plantenkast is het stralende middelpunt van deze foto, geschoten door fotograaf Sandor Bauer in de periode dat hij werkzaam was voor het tijdschrift \u2018Vend\u00e9gl\u00e1t\u00e1s\u2019, wat \u2018Hospitality\u2019 betekent. Dit tijdschrift toonde stijlvolle horecazaken in Budapest, en deze foto is een perfect voorbeeld van zijn vakmanschap. Het interieur is smaakvol ingericht met oog voor detail, en de groene planten voegen een vleugje natuurlijke schoonheid toe aan de ruimte.<\/p>\n<h4><strong>Zwart-wit premium afdruk | traditionele Silverhalide techniek op Lustre papier<\/strong><\/h4>\n<p>Laat u betoveren door deze unieke afdruk, gecre\u00eberd met behulp van de traditionele zwart-wit silverhalide belichtingstechniek en met zorgvuldigheid op hoogwaardig Lustre Papier vervaardigd. Het resultaat is een prachtig zwart-wit beeld van premium kwaliteit dat het stijlvolle interieur en de weelderige planten op meesterlijke wijze vastlegt.<\/p>\n<h4><strong>In de wandelgangen van de Doelen, 1966 | Inlijsting met passe-partout Lustre art paper<\/strong><\/h4>\n<p>Laat u betoveren door de vakkundig ingelijste vintage zwart-wit foto van het interieur en haar planten. Onze ervaren Nederlandse lijstenmaker besteedt nauwgezet aandacht aan elk detail, zodat de fine art volledig tot zijn recht komt. Met onze tijdloze houten lijsten, waarvoor we nieuwe bomen planten, voegen we een vleugje authenticiteit toe dat perfect past bij elk interieur. De witte museumkwaliteit passe-partouts cre\u00ebren een prachtig contrast, terwijl de subtiele houtnerf van de lijsten een natuurlijke elegantie uitstraalt. Dankzij het handige ophangsysteem met twee oogjes en ijzerdraad aan de achterkant kunt u de foto moeiteloos aan de muur bevestigen en bewonderen.<\/p>\n<p><em>Fotograaf: Jan Voets | Archief: NA \/ Jan Voets<\/em><\/p>\n<h4><strong>Boudewijn Huijgens &#8211; Fotograaf | Beeldverzamelaar<\/strong><\/h4>\n<p>Ik, Boudewijn Huijgens, samengevat, ben een gepassioneerde beeldenverzamelaar met een liefde voor mid-century fotografie en design.<br \/>\nBent u specifiek op zoek naar een foto van een bepaalde plaats, gebeurtenis, of periode? Wilt u graag iets werkelijk unieks aan de muur hebben,<br \/>\nzowel thuis als op kantoor? Aarzel dan niet om contact met mij op te nemen via boudewijn@photobureauhuijgens.com of via onderstaande social media kanalen.<br \/>\nIk sta met enthousiasme klaar om u te assisteren bij het ontdekken van het perfecte beeld dat bij uw wensen aansluit.<\/p>\n<h4><strong>Volg ter illustratie en inspiratie het bureau op social media<\/strong><\/h4>\n<p><a href=\"https:\/\/www.instagram.com\/photobureauhuijgens.prints\">Instagram<\/a><\/p>\n<p><a href=\"https:\/\/www.facebook.com\/midcenturyprints\">Facebook<\/a><\/p>\n<p><a href=\"https:\/\/nl.pinterest.com\/photobureauhuijgens\/\">Pinterest<\/a><\/p>\n<h3><\/h3>\n<hr>\n<p><span class=\"TextRun SCXW178400587 BCX0\" lang=\"NL-NL\" xml:lang=\"NL-NL\" data-contrast=\"auto\"><span class=\"NormalTextRun SCXW178400587 BCX0\">De Doelen zou op 18 mei de jaarlijkse <\/span><\/span><span class=\"TextRun SCXW178400587 BCX0\" lang=\"NL-NL\" xml:lang=\"NL-NL\" data-contrast=\"auto\"><span class=\"SpellingError SCXW178400587 BCX0\">Opbouwdag<\/span><\/span><span class=\"TextRun SCXW178400587 BCX0\" lang=\"NL-NL\" xml:lang=\"NL-NL\" data-contrast=\"auto\"><span class=\"NormalTextRun SCXW178400587 BCX0\"> feestelijk worden geopend door koningin Juliana. Fotograaf Jan <\/span><\/span><span class=\"TextRun SCXW178400587 BCX0\" lang=\"NL-NL\" xml:lang=\"NL-NL\" data-contrast=\"auto\"><span class=\"SpellingError SCXW178400587 BCX0\">Voets<\/span><\/span><span class=\"TextRun SCXW178400587 BCX0\" lang=\"NL-NL\" xml:lang=\"NL-NL\" data-contrast=\"auto\"><span class=\"NormalTextRun SCXW178400587 BCX0\"> mocht voor de krant een week voor de opening de eerste blik komen werpen. Het interieur, een continue ruimte waarin de zalen als dozen zijn opgenomen, werd pas later op waarde geschat. Niettemin werd het gebouw door muziekminnend Rotterdam direct gewaardeerd. De sublieme jaren 60 stijl <\/span><\/span><span class=\"TextRun SCXW178400587 BCX0\" lang=\"NL-NL\" xml:lang=\"NL-NL\" data-contrast=\"auto\"><span class=\"ContextualSpellingAndGrammarError SCXW178400587 BCX0\">van&nbsp; het<\/span><\/span><span class=\"TextRun SCXW178400587 BCX0\" lang=\"NL-NL\" xml:lang=\"NL-NL\" data-contrast=\"auto\"><span class=\"NormalTextRun SCXW178400587 BCX0\"> interieur vind ik fantastisch. Bij de laatste renovatie is dit ook weer in oude luister hersteld.<\/span><\/span><span class=\"EOP SCXW178400587 BCX0\">&nbsp;<\/span><\/p>\n<p>Volg het bureau ook via <a href=\"https:\/\/www.instagram.com\/photobureauhuijgens\/\">Instagram<\/a>, <a href=\"https:\/\/www.facebook.com\/midcenturyprints\">Facebook<\/a> en <a href=\"https:\/\/nl.pinterest.com\/photobureauhuijgens\/_created\/\">Pinterest<\/a>.<\/p>","protected":false},"featured_media":1514,"template":"","meta":[],"product_brand":[],"product_cat":[71],"product_tag":[212,215,189,234,302,83,214,184,77,301,213,303],"class_list":{"0":"post-1513","1":"product","2":"type-product","3":"status-publish","4":"has-post-thumbnail","6":"product_cat-fotoprints","7":"product_tag-fine-art-print","8":"product_tag-historisch-beeld","9":"product_tag-houten-lijst","10":"product_tag-jaren-50","11":"product_tag-jaren-60","12":"product_tag-kunst","13":"product_tag-mid-century-foto","14":"product_tag-oude-foto","15":"product_tag-print","16":"product_tag-vintage-foto","17":"product_tag-vintage-fotografie","18":"product_tag-werk-aan-de-muur","19":"product_shipping_class-ingelijst","21":"first","22":"instock","23":"taxable","24":"shipping-taxable","25":"purchasable","26":"product-type-variable"},"yoast_head":"<!-- This site is optimized with the Yoast SEO plugin v27.4 - https:\/\/yoast.com\/product\/yoast-seo-wordpress\/ -->\n<title>In de wandelgangen van de Doelen, 1966 - photo Bureau Huijgens<\/title>\n<meta name=\"description\" content=\"De Doelen zou op 18 mei de jaarlijkse Opbouwdag feestelijk worden geopend door koningin Juliana. De fotograaf Jan Voets mocht al rondkijken\" \/>\n<meta name=\"robots\" content=\"index, follow, max-snippet:-1, max-image-preview:large, max-video-preview:-1\" \/>\n<link rel=\"canonical\" href=\"https:\/\/photobureauhuijgens.com\/en\/product\/in-de-wandelgangen-van-de-doelen-1966\/\" \/>\n<meta property=\"og:locale\" content=\"en_GB\" \/>\n<meta property=\"og:type\" content=\"article\" \/>\n<meta property=\"og:title\" content=\"In de wandelgangen van de Doelen, 1966 - photo Bureau Huijgens\" \/>\n<meta property=\"og:description\" content=\"De Doelen zou op 18 mei de jaarlijkse Opbouwdag feestelijk worden geopend door koningin Juliana. De fotograaf Jan Voets mocht al rondkijken\" \/>\n<meta property=\"og:url\" content=\"https:\/\/photobureauhuijgens.com\/en\/product\/in-de-wandelgangen-van-de-doelen-1966\/\" \/>\n<meta property=\"og:site_name\" content=\"photo Bureau Huijgens\" \/>\n<meta property=\"article:publisher\" content=\"https:\/\/www.facebook.com\/photobureauhuijgens\" \/>\n<meta property=\"article:modified_time\" content=\"2023-10-16T11:14:18+00:00\" \/>\n<meta property=\"og:image\" content=\"https:\/\/photobureauhuijgens.com\/wp-content\/uploads\/2022\/01\/Collectie-2-losse-print14.jpg\" \/>\n\t<meta property=\"og:image:width\" content=\"1181\" \/>\n\t<meta property=\"og:image:height\" content=\"1181\" \/>\n\t<meta property=\"og:image:type\" content=\"image\/jpeg\" \/>\n<meta name=\"twitter:card\" content=\"summary_large_image\" \/>\n<meta name=\"twitter:site\" content=\"@fotobureau\" \/>\n<meta name=\"twitter:label1\" content=\"Estimated reading time\" \/>\n\t<meta name=\"twitter:data1\" content=\"2 minutes\" \/>\n<script type=\"application\/ld+json\" class=\"yoast-schema-graph\">{\"@context\":\"https:\\\/\\\/schema.org\",\"@graph\":[{\"@type\":\"WebPage\",\"@id\":\"https:\\\/\\\/photobureauhuijgens.com\\\/product\\\/in-de-wandelgangen-van-de-doelen-1966\",\"url\":\"https:\\\/\\\/photobureauhuijgens.com\\\/product\\\/in-de-wandelgangen-van-de-doelen-1966\",\"name\":\"In de wandelgangen van de Doelen, 1966 - photo Bureau Huijgens\",\"isPartOf\":{\"@id\":\"https:\\\/\\\/photobureauhuijgens.com\\\/#website\"},\"primaryImageOfPage\":{\"@id\":\"https:\\\/\\\/photobureauhuijgens.com\\\/product\\\/in-de-wandelgangen-van-de-doelen-1966#primaryimage\"},\"image\":{\"@id\":\"https:\\\/\\\/photobureauhuijgens.com\\\/product\\\/in-de-wandelgangen-van-de-doelen-1966#primaryimage\"},\"thumbnailUrl\":\"https:\\\/\\\/photobureauhuijgens.com\\\/wp-content\\\/uploads\\\/2022\\\/01\\\/Collectie-2-losse-print14-1181x1181.jpg\",\"datePublished\":\"2022-01-02T17:57:40+00:00\",\"dateModified\":\"2023-10-16T11:14:18+00:00\",\"description\":\"De Doelen zou op 18 mei de jaarlijkse Opbouwdag feestelijk worden geopend door koningin Juliana. De fotograaf Jan Voets mocht al rondkijken\",\"breadcrumb\":{\"@id\":\"https:\\\/\\\/photobureauhuijgens.com\\\/product\\\/in-de-wandelgangen-van-de-doelen-1966#breadcrumb\"},\"inLanguage\":\"en-GB\",\"potentialAction\":[{\"@type\":\"ReadAction\",\"target\":[\"https:\\\/\\\/photobureauhuijgens.com\\\/product\\\/in-de-wandelgangen-van-de-doelen-1966\"]}]},{\"@type\":\"ImageObject\",\"inLanguage\":\"en-GB\",\"@id\":\"https:\\\/\\\/photobureauhuijgens.com\\\/product\\\/in-de-wandelgangen-van-de-doelen-1966#primaryimage\",\"url\":\"https:\\\/\\\/photobureauhuijgens.com\\\/wp-content\\\/uploads\\\/2022\\\/01\\\/Collectie-2-losse-print14-1181x1181.jpg\",\"contentUrl\":\"https:\\\/\\\/photobureauhuijgens.com\\\/wp-content\\\/uploads\\\/2022\\\/01\\\/Collectie-2-losse-print14-1181x1181.jpg\",\"width\":1181,\"height\":1181,\"caption\":\"In de wandelgangen van de doelen\"},{\"@type\":\"BreadcrumbList\",\"@id\":\"https:\\\/\\\/photobureauhuijgens.com\\\/product\\\/in-de-wandelgangen-van-de-doelen-1966#breadcrumb\",\"itemListElement\":[{\"@type\":\"ListItem\",\"position\":1,\"name\":\"Home\",\"item\":\"https:\\\/\\\/photobureauhuijgens.com\\\/\"},{\"@type\":\"ListItem\",\"position\":2,\"name\":\"Producten\",\"item\":\"https:\\\/\\\/photobureauhuijgens.com\\\/mid-century-foto-prints\\\/winkel\"},{\"@type\":\"ListItem\",\"position\":3,\"name\":\"In de wandelgangen van de Doelen, 1966\"}]},{\"@type\":\"WebSite\",\"@id\":\"https:\\\/\\\/photobureauhuijgens.com\\\/#website\",\"url\":\"https:\\\/\\\/photobureauhuijgens.com\\\/\",\"name\":\"photobureauhuijgens\",\"description\":\"\",\"publisher\":{\"@id\":\"https:\\\/\\\/photobureauhuijgens.com\\\/#organization\"},\"potentialAction\":[{\"@type\":\"SearchAction\",\"target\":{\"@type\":\"EntryPoint\",\"urlTemplate\":\"https:\\\/\\\/photobureauhuijgens.com\\\/?s={search_term_string}\"},\"query-input\":{\"@type\":\"PropertyValueSpecification\",\"valueRequired\":true,\"valueName\":\"search_term_string\"}}],\"inLanguage\":\"en-GB\"},{\"@type\":\"Organization\",\"@id\":\"https:\\\/\\\/photobureauhuijgens.com\\\/#organization\",\"name\":\"Photo Bureau Huijgens\",\"url\":\"https:\\\/\\\/photobureauhuijgens.com\\\/\",\"logo\":{\"@type\":\"ImageObject\",\"inLanguage\":\"en-GB\",\"@id\":\"https:\\\/\\\/photobureauhuijgens.com\\\/#\\\/schema\\\/logo\\\/image\\\/\",\"url\":\"https:\\\/\\\/photobureauhuijgens.com\\\/wp-content\\\/uploads\\\/2021\\\/01\\\/cropped-kleine-button.png\",\"contentUrl\":\"https:\\\/\\\/photobureauhuijgens.com\\\/wp-content\\\/uploads\\\/2021\\\/01\\\/cropped-kleine-button.png\",\"width\":512,\"height\":512,\"caption\":\"Photo Bureau Huijgens\"},\"image\":{\"@id\":\"https:\\\/\\\/photobureauhuijgens.com\\\/#\\\/schema\\\/logo\\\/image\\\/\"},\"sameAs\":[\"https:\\\/\\\/www.facebook.com\\\/photobureauhuijgens\",\"https:\\\/\\\/x.com\\\/fotobureau\",\"https:\\\/\\\/nl.pinterest.com\\\/photobureauhuijgens.\"]}]}<\/script>\n<!-- \/ Yoast SEO plugin. -->","yoast_head_json":{"title":"In de wandelgangen van de Doelen, 1966 - photo Bureau Huijgens","description":"De Doelen zou op 18 mei de jaarlijkse Opbouwdag feestelijk worden geopend door koningin Juliana. De fotograaf Jan Voets mocht al rondkijken","robots":{"index":"index","follow":"follow","max-snippet":"max-snippet:-1","max-image-preview":"max-image-preview:large","max-video-preview":"max-video-preview:-1"},"canonical":"https:\/\/photobureauhuijgens.com\/en\/product\/in-de-wandelgangen-van-de-doelen-1966\/","og_locale":"en_GB","og_type":"article","og_title":"In de wandelgangen van de Doelen, 1966 - photo Bureau Huijgens","og_description":"De Doelen zou op 18 mei de jaarlijkse Opbouwdag feestelijk worden geopend door koningin Juliana. De fotograaf Jan Voets mocht al rondkijken","og_url":"https:\/\/photobureauhuijgens.com\/en\/product\/in-de-wandelgangen-van-de-doelen-1966\/","og_site_name":"photo Bureau Huijgens","article_publisher":"https:\/\/www.facebook.com\/photobureauhuijgens","article_modified_time":"2023-10-16T11:14:18+00:00","og_image":[{"width":1181,"height":1181,"url":"https:\/\/photobureauhuijgens.com\/wp-content\/uploads\/2022\/01\/Collectie-2-losse-print14.jpg","type":"image\/jpeg"}],"twitter_card":"summary_large_image","twitter_site":"@fotobureau","twitter_misc":{"Estimated reading time":"2 minutes"},"schema":{"@context":"https:\/\/schema.org","@graph":[{"@type":"WebPage","@id":"https:\/\/photobureauhuijgens.com\/product\/in-de-wandelgangen-van-de-doelen-1966","url":"https:\/\/photobureauhuijgens.com\/product\/in-de-wandelgangen-van-de-doelen-1966","name":"In de wandelgangen van de Doelen, 1966 - photo Bureau Huijgens","isPartOf":{"@id":"https:\/\/photobureauhuijgens.com\/#website"},"primaryImageOfPage":{"@id":"https:\/\/photobureauhuijgens.com\/product\/in-de-wandelgangen-van-de-doelen-1966#primaryimage"},"image":{"@id":"https:\/\/photobureauhuijgens.com\/product\/in-de-wandelgangen-van-de-doelen-1966#primaryimage"},"thumbnailUrl":"https:\/\/photobureauhuijgens.com\/wp-content\/uploads\/2022\/01\/Collectie-2-losse-print14-1181x1181.jpg","datePublished":"2022-01-02T17:57:40+00:00","dateModified":"2023-10-16T11:14:18+00:00","description":"De Doelen zou op 18 mei de jaarlijkse Opbouwdag feestelijk worden geopend door koningin Juliana. De fotograaf Jan Voets mocht al rondkijken","breadcrumb":{"@id":"https:\/\/photobureauhuijgens.com\/product\/in-de-wandelgangen-van-de-doelen-1966#breadcrumb"},"inLanguage":"en-GB","potentialAction":[{"@type":"ReadAction","target":["https:\/\/photobureauhuijgens.com\/product\/in-de-wandelgangen-van-de-doelen-1966"]}]},{"@type":"ImageObject","inLanguage":"en-GB","@id":"https:\/\/photobureauhuijgens.com\/product\/in-de-wandelgangen-van-de-doelen-1966#primaryimage","url":"https:\/\/photobureauhuijgens.com\/wp-content\/uploads\/2022\/01\/Collectie-2-losse-print14-1181x1181.jpg","contentUrl":"https:\/\/photobureauhuijgens.com\/wp-content\/uploads\/2022\/01\/Collectie-2-losse-print14-1181x1181.jpg","width":1181,"height":1181,"caption":"In de wandelgangen van de doelen"},{"@type":"BreadcrumbList","@id":"https:\/\/photobureauhuijgens.com\/product\/in-de-wandelgangen-van-de-doelen-1966#breadcrumb","itemListElement":[{"@type":"ListItem","position":1,"name":"Home","item":"https:\/\/photobureauhuijgens.com\/"},{"@type":"ListItem","position":2,"name":"Producten","item":"https:\/\/photobureauhuijgens.com\/mid-century-foto-prints\/winkel"},{"@type":"ListItem","position":3,"name":"In de wandelgangen van de Doelen, 1966"}]},{"@type":"WebSite","@id":"https:\/\/photobureauhuijgens.com\/#website","url":"https:\/\/photobureauhuijgens.com\/","name":"photobureauhuijgens","description":"","publisher":{"@id":"https:\/\/photobureauhuijgens.com\/#organization"},"potentialAction":[{"@type":"SearchAction","target":{"@type":"EntryPoint","urlTemplate":"https:\/\/photobureauhuijgens.com\/?s={search_term_string}"},"query-input":{"@type":"PropertyValueSpecification","valueRequired":true,"valueName":"search_term_string"}}],"inLanguage":"en-GB"},{"@type":"Organization","@id":"https:\/\/photobureauhuijgens.com\/#organization","name":"Photo Bureau Huijgens","url":"https:\/\/photobureauhuijgens.com\/","logo":{"@type":"ImageObject","inLanguage":"en-GB","@id":"https:\/\/photobureauhuijgens.com\/#\/schema\/logo\/image\/","url":"https:\/\/photobureauhuijgens.com\/wp-content\/uploads\/2021\/01\/cropped-kleine-button.png","contentUrl":"https:\/\/photobureauhuijgens.com\/wp-content\/uploads\/2021\/01\/cropped-kleine-button.png","width":512,"height":512,"caption":"Photo Bureau Huijgens"},"image":{"@id":"https:\/\/photobureauhuijgens.com\/#\/schema\/logo\/image\/"},"sameAs":["https:\/\/www.facebook.com\/photobureauhuijgens","https:\/\/x.com\/fotobureau","https:\/\/nl.pinterest.com\/photobureauhuijgens."]}]}},"_links":{"self":[{"href":"https:\/\/photobureauhuijgens.com\/en\/wp-json\/wp\/v2\/product\/1513","targetHints":{"allow":["GET"]}}],"collection":[{"href":"https:\/\/photobureauhuijgens.com\/en\/wp-json\/wp\/v2\/product"}],"about":[{"href":"https:\/\/photobureauhuijgens.com\/en\/wp-json\/wp\/v2\/types\/product"}],"wp:featuredmedia":[{"embeddable":true,"href":"https:\/\/photobureauhuijgens.com\/en\/wp-json\/wp\/v2\/media\/1514"}],"wp:attachment":[{"href":"https:\/\/photobureauhuijgens.com\/en\/wp-json\/wp\/v2\/media?parent=1513"}],"wp:term":[{"taxonomy":"product_brand","embeddable":true,"href":"https:\/\/photobureauhuijgens.com\/en\/wp-json\/wp\/v2\/product_brand?post=1513"},{"taxonomy":"product_cat","embeddable":true,"href":"https:\/\/photobureauhuijgens.com\/en\/wp-json\/wp\/v2\/product_cat?post=1513"},{"taxonomy":"product_tag","embeddable":true,"href":"https:\/\/photobureauhuijgens.com\/en\/wp-json\/wp\/v2\/product_tag?post=1513"}],"curies":[{"name":"wp","href":"https:\/\/api.w.org\/{rel}","templated":true}]}}